{"id":1366,"date":"2016-04-29T14:34:20","date_gmt":"2016-04-29T13:34:20","guid":{"rendered":"http:\/\/ecole.ecj23.org\/?page_id=1366"},"modified":"2017-09-04T09:27:27","modified_gmt":"2017-09-04T08:27:27","slug":"pole-artistique","status":"publish","type":"page","link":"https:\/\/ecole.ecj23.org\/index.php\/pole-artistique\/","title":{"rendered":"P\u00f4le artistique"},"content":{"rendered":"<p style=\"text-align: justify;\"><span style=\"color: #3366ff;\"><strong>De la PS au CM2, l\u2019\u00e9duction \u00e0 la beaut\u00e9, particuli\u00e8rement par l\u2019initiation aux arts, est une de\u00a0<\/strong><\/span><span style=\"color: #3366ff;\"><strong>nos principales orientations p\u00e9dagogique. La sensibilisation aux arts (musique, art visuels..),\u00a0<\/strong><\/span><span style=\"color: #3366ff;\"><strong>\u00e0 toute forme d\u2019art, \u00e9veille en l\u2019enfant sa facult\u00e9 d\u2019\u00e9merveillement devant le Beau. Nous\u00a0<\/strong><\/span><span style=\"color: #3366ff;\"><strong>avons r\u00e9fl\u00e9chi \u00e0 la grandeur de la beaut\u00e9, \u00e0 la n\u00e9cessit\u00e9 incontournable de faire \u00e9merger la\u00a0<\/strong><\/span><span style=\"color: #3366ff;\"><strong>beaut\u00e9 en tous les domaines, de faire d\u00e9couvrir la beaut\u00e9 \u00e0 tous.<\/strong><\/span><\/p>\n<p style=\"text-align: justify;\">\n<span style=\"color: #3366ff;\"><strong>\u00ab\u00a0La beaut\u00e9 sauvera le monde\u00a0!\u00a0\u00bb a dit Dosto\u00efevski.<\/strong><\/span><\/p>\n<p style=\"text-align: justify;\">\n<span style=\"color: #3366ff;\"><strong>C\u2019est un des leviers les plus puissants de l\u2019\u00e9ducation. Dans cet esprit, nous avons cr\u00e9\u00e9 il a 6\u00a0<\/strong><\/span><span style=\"color: #3366ff;\"><strong>ans une fili\u00e8re artistique, du CE2 au CM2. Ces classes d\u2019art f\u00e9d\u00e9r\u00e9es par un projet commun,\u00a0<\/strong><\/span><span style=\"color: #3366ff;\"><strong>chaque classe gardant son originalit\u00e9 et mettant l\u2019acc\u00e8s sur d\u2019autres aspects de l\u2019art. De la\u00a0<\/strong><\/span><span style=\"color: #3366ff;\"><strong>calligraphie \u00e0 la technique de l\u2019enluminure, de la musique \u00e0 travers le monde et \u00e0 travers les\u00a0<\/strong><\/span><span style=\"color: #3366ff;\"><strong>\u00e2ges au chant, du th\u00e9\u00e2tre \u00e0 l\u2019art de la photo, du cin\u00e9ma \u00e0 l\u2019art de d\u00e9clamer un texte, tous\u00a0<\/strong><\/span><span style=\"color: #3366ff;\"><strong>ces sillons ont \u00e9t\u00e9 creus\u00e9s et trouvent un point d\u2019orgue dans le spectacle de fin d\u2019ann\u00e9e\u00a0<\/strong><\/span><span style=\"color: #3366ff;\"><strong>con\u00e7u par les trois classes r\u00e9unies.<\/strong><\/span><\/p>\n<p style=\"text-align: justify;\">\n<span style=\"color: #3366ff;\"><strong>\uf0b7 Au-del\u00e0 de cette fili\u00e8re artistique, toutes les classes de l\u2019\u00e9cole ont acc\u00e8s \u00e0 la\u00a0<\/strong><\/span><span style=\"color: #3366ff;\"><strong>musique et au th\u00e9\u00e2tre par un partenariat avec la Filature.<\/strong><\/span><\/p>\n<p style=\"text-align: justify;\">\n<span style=\"color: #3366ff;\"><strong>\uf0b7 Toutes les classes peuvent b\u00e9n\u00e9ficier de l\u2019aide d\u2019un professeur en histoire de l\u2019art qui\u00a0<\/strong><\/span><span style=\"color: #3366ff;\"><strong>sait partager avec les enfants de tous \u00e2ges ses connaissances en art, leur\u00a0<\/strong><\/span><span style=\"color: #3366ff;\"><strong>transmettant des cl\u00e9s de lecture de l\u2019\u0153uvre qu\u2019ils n\u2019oublieront jamais\u00a0!<\/strong><\/span><\/p>\n<p style=\"text-align: justify;\">\n<span style=\"color: #3366ff;\"><strong>\uf0b7 Un atelier de danse ouvert dans l\u2019Ecole Autrement du mercredi matin offre la\u00a0<\/strong><\/span><span style=\"color: #3366ff;\"><strong>possibilit\u00e9 \u00e0 ceux qui le d\u00e9sirent de s\u2019exercer tant \u00e0 la danse classique qu\u2019 toute autre\u00a0<\/strong><\/span><span style=\"color: #3366ff;\"><strong>forme de danse moderne. Quel bonheur de voir ces enfants en fin d\u2019ann\u00e9e pr\u00e9senter\u00a0<\/strong><\/span><span style=\"color: #3366ff;\"><strong>le fruit de leurs efforts lors de la f\u00eate de l\u2019\u00e9cole\u00a0!<\/strong><\/span><\/p>\n<p style=\"text-align: justify;\"><span style=\"color: #3366ff;\"><strong>L\u2019art, un vecteur incontournable de culture, d\u2019histoire, mais aussi de d\u00e9veloppement\u00a0<\/strong><\/span><span style=\"color: #3366ff;\"><strong>personnel et de bonheur, c\u2019est ainsi que nous le percevons\u00a0!<\/strong><\/span><\/p>\n","protected":false},"excerpt":{"rendered":"<p>De la PS au CM2, l\u2019\u00e9duction \u00e0 la beaut\u00e9, particuli\u00e8rement par l\u2019initiation aux arts, est une de\u00a0nos principales orientations p\u00e9dagogique. La sensibilisation aux arts (musique, art visuels..),\u00a0\u00e0 toute forme d\u2019art, [&hellip;]<\/p>\n","protected":false},"author":5,"featured_media":0,"parent":0,"menu_order":1,"comment_status":"closed","ping_status":"closed","template":"","meta":{"footnotes":""},"class_list":["post-1366","page","type-page","status-publish","hentry"],"jetpack_sharing_enabled":true,"_links":{"self":[{"href":"https:\/\/ecole.ecj23.org\/index.php\/wp-json\/wp\/v2\/pages\/1366","targetHints":{"allow":["GET"]}}],"collection":[{"href":"https:\/\/ecole.ecj23.org\/index.php\/wp-json\/wp\/v2\/pages"}],"about":[{"href":"https:\/\/ecole.ecj23.org\/index.php\/wp-json\/wp\/v2\/types\/page"}],"author":[{"embeddable":true,"href":"https:\/\/ecole.ecj23.org\/index.php\/wp-json\/wp\/v2\/users\/5"}],"replies":[{"embeddable":true,"href":"https:\/\/ecole.ecj23.org\/index.php\/wp-json\/wp\/v2\/comments?post=1366"}],"version-history":[{"count":2,"href":"https:\/\/ecole.ecj23.org\/index.php\/wp-json\/wp\/v2\/pages\/1366\/revisions"}],"predecessor-version":[{"id":4247,"href":"https:\/\/ecole.ecj23.org\/index.php\/wp-json\/wp\/v2\/pages\/1366\/revisions\/4247"}],"wp:attachment":[{"href":"https:\/\/ecole.ecj23.org\/index.php\/wp-json\/wp\/v2\/media?parent=1366"}],"curies":[{"name":"wp","href":"https:\/\/api.w.org\/{rel}","templated":true}]}}