{"id":1513,"date":"2016-05-07T17:36:56","date_gmt":"2016-05-07T16:36:56","guid":{"rendered":"http:\/\/ecole.ecj23.org\/?page_id=1513"},"modified":"2018-12-05T19:43:15","modified_gmt":"2018-12-05T18:43:15","slug":"actualites","status":"publish","type":"page","link":"https:\/\/ecole.ecj23.org\/index.php\/actualites\/","title":{"rendered":"Actualit\u00e9s"},"content":{"rendered":"<h2><span style=\"color: #ff059b;\"><strong>\u00c9cole Autrement :\u00a0Inscriptions aux Activit\u00e9s p\u00e9ri \u00e9ducatives du mercredi\u00a0<\/strong><\/span><\/h2>\n<p><a href=\"http:\/\/ecole.ecj23.org\/wp-content\/uploads\/2018\/08\/Affichage-Prolongation-des-inscriptions-001.jpg\"><img loading=\"lazy\" decoding=\"async\" class=\"wp-image-5632 aligncenter\" src=\"http:\/\/ecole.ecj23.org\/wp-content\/uploads\/2018\/08\/Affichage-Prolongation-des-inscriptions-001.jpg\" alt=\"\" width=\"638\" height=\"903\" srcset=\"https:\/\/ecole.ecj23.org\/wp-content\/uploads\/2018\/08\/Affichage-Prolongation-des-inscriptions-001.jpg 1190w, https:\/\/ecole.ecj23.org\/wp-content\/uploads\/2018\/08\/Affichage-Prolongation-des-inscriptions-001-212x300.jpg 212w, https:\/\/ecole.ecj23.org\/wp-content\/uploads\/2018\/08\/Affichage-Prolongation-des-inscriptions-001-768x1087.jpg 768w, https:\/\/ecole.ecj23.org\/wp-content\/uploads\/2018\/08\/Affichage-Prolongation-des-inscriptions-001-724x1024.jpg 724w\" sizes=\"auto, (max-width: 638px) 100vw, 638px\" \/><\/a><\/p>\n<p style=\"text-align: center;\"><span style=\"color: #0000ff;\"><strong><a style=\"color: #0000ff;\" href=\"http:\/\/ecole.ecj23.org\/wp-content\/uploads\/2016\/05\/Brochure-Site-Internet-2018-2019.pdf\" target=\"_blank\" rel=\"noopener noreferrer\">Pour consulter le catalogue de l&rsquo;\u00c9cole Autrement, cliquez-ici<\/a><\/strong><\/span><\/p>\n<p style=\"text-align: center;\"><span style=\"color: #0000ff;\"><strong><a style=\"color: #0000ff;\" href=\"http:\/\/ecole.ecj23.org\/wp-content\/uploads\/2016\/05\/Bulletin-dinscription-Activit\u00e9s-p\u00e9ri-\u00e9ducatives-2018-2019.docx\">Bulletin d&rsquo;inscription<\/a><\/strong><\/span><\/p>\n","protected":false},"excerpt":{"rendered":"<p>\u00c9cole Autrement :\u00a0Inscriptions aux Activit\u00e9s p\u00e9ri \u00e9ducatives du mercredi\u00a0 Pour consulter le catalogue de l&rsquo;\u00c9cole Autrement, cliquez-ici Bulletin d&rsquo;inscription<\/p>\n","protected":false},"author":5,"featured_media":0,"parent":0,"menu_order":0,"comment_status":"closed","ping_status":"closed","template":"","meta":{"footnotes":""},"class_list":["post-1513","page","type-page","status-publish","hentry"],"jetpack_sharing_enabled":true,"_links":{"self":[{"href":"https:\/\/ecole.ecj23.org\/index.php\/wp-json\/wp\/v2\/pages\/1513","targetHints":{"allow":["GET"]}}],"collection":[{"href":"https:\/\/ecole.ecj23.org\/index.php\/wp-json\/wp\/v2\/pages"}],"about":[{"href":"https:\/\/ecole.ecj23.org\/index.php\/wp-json\/wp\/v2\/types\/page"}],"author":[{"embeddable":true,"href":"https:\/\/ecole.ecj23.org\/index.php\/wp-json\/wp\/v2\/users\/5"}],"replies":[{"embeddable":true,"href":"https:\/\/ecole.ecj23.org\/index.php\/wp-json\/wp\/v2\/comments?post=1513"}],"version-history":[{"count":4,"href":"https:\/\/ecole.ecj23.org\/index.php\/wp-json\/wp\/v2\/pages\/1513\/revisions"}],"predecessor-version":[{"id":5777,"href":"https:\/\/ecole.ecj23.org\/index.php\/wp-json\/wp\/v2\/pages\/1513\/revisions\/5777"}],"wp:attachment":[{"href":"https:\/\/ecole.ecj23.org\/index.php\/wp-json\/wp\/v2\/media?parent=1513"}],"curies":[{"name":"wp","href":"https:\/\/api.w.org\/{rel}","templated":true}]}}