{"id":211,"date":"2015-11-07T10:34:47","date_gmt":"2015-11-07T09:34:47","guid":{"rendered":"http:\/\/ecole.ecj23.org\/?page_id=211"},"modified":"2020-08-25T11:34:33","modified_gmt":"2020-08-25T09:34:33","slug":"ecole-elementaire","status":"publish","type":"page","link":"https:\/\/ecole.ecj23.org\/index.php\/ecole-elementaire\/","title":{"rendered":"L&rsquo;\u00c9cole \u00e9l\u00e9mentaire Jean XXIII"},"content":{"rendered":"\n<p>Soyez les bienvenus dans notre grande \u00c9cole \u00c9l\u00e9mentaire&nbsp;Jean XXIII&nbsp;!<\/p>\n\n\n\n<p>Situ\u00e9e \u00e0 la p\u00e9riph\u00e9rie de Mulhouse, dans le quartier de Dornach, \u00e0 proximit\u00e9 du r\u00e9seau autoroutier, notre \u00c9cole est log\u00e9e dans un v\u00e9ritable \u00e9crin de verdure qui nous permet d\u2019offrir \u00e0 nos \u00e9l\u00e8ves, le calme et la s\u00e9r\u00e9nit\u00e9 dont ils ont besoin pour vivre harmonieusement leur scolarit\u00e9.<\/p>\n\n\n\n<p>Deux b\u00e2timents composent notre \u00c9cole : le b\u00e2timent principal construit en 1973, pourvu d\u2019une vingtaine de salles de classe et &nbsp;quelques salles \u00e0 orientation sp\u00e9cifique et le b\u00e2timent Mangin, accueillant nos classes de CM2, la BCD, une grande salle de sport ainsi qu\u2019une salle de relaxation.<\/p>\n\n\n\n<p>Plusieurs cours de r\u00e9cr\u00e9ation sont \u00e0 disposition des enfants&nbsp;: bien pratique pour mettre les plus jeunes en s\u00e9curit\u00e9 , loin de l\u2019effervescence des plus grands \u2026 fort agr\u00e9able \u00e9galement pour profiter des structures de jeux ou se mettre \u00e0 l\u2019abri du soleil quand arrivent les belles journ\u00e9es printani\u00e8res.<\/p>\n\n\n\n<p>Notre \u00c9cole regorge de coins et de recoins o\u00f9 vos enfants pourront s\u2019\u00e9panouir sur les temps de r\u00e9cr\u00e9ation ou les temps d\u2019enseignement&nbsp;; vos enfants pourront apprendre, jouer , se cultiver et m\u00eame se d\u00e9tendre ou se reposer \u00e0 l\u2019\u00c9cole Jean XXIII&nbsp;! Ils pourront aussi s\u2019accorder un temps de recueillement ou de pri\u00e8re en se rendant \u00e0 la chapelle de l\u2019\u00e9tablissement.<\/p>\n\n\n\n<p>Nous vous proposons de nous accompagner dans une visite en images de tous ces lieux peut-\u00eatre encore inconnus de vous.<\/p>\n\n\n\n<p>Bonne visite \u2026 Suivez le guide&nbsp;!<\/p>\n\n\n\n<ul class=\"wp-block-gallery columns-3 is-cropped wp-block-gallery-1 is-layout-flex wp-block-gallery-is-layout-flex\"><li class=\"blocks-gallery-item\"><figure><img loading=\"lazy\" decoding=\"async\" width=\"1024\" height=\"576\" src=\"http:\/\/ecole.ecj23.org\/wp-content\/uploads\/2019\/01\/Primaire_ecj23_Mangin-1024x576.jpg\" alt=\"\" data-id=\"6273\" data-link=\"http:\/\/ecole.ecj23.org\/index.php\/ecole-elementaire\/primaire_ecj23_mangin\/\" class=\"wp-image-6273\" srcset=\"https:\/\/ecole.ecj23.org\/wp-content\/uploads\/2019\/01\/Primaire_ecj23_Mangin-1024x576.jpg 1024w, https:\/\/ecole.ecj23.org\/wp-content\/uploads\/2019\/01\/Primaire_ecj23_Mangin-300x169.jpg 300w, https:\/\/ecole.ecj23.org\/wp-content\/uploads\/2019\/01\/Primaire_ecj23_Mangin-768x432.jpg 768w, https:\/\/ecole.ecj23.org\/wp-content\/uploads\/2019\/01\/Primaire_ecj23_Mangin.jpg 2048w\" sizes=\"auto, (max-width: 1024px) 100vw, 1024px\" \/><\/figure><\/li><li class=\"blocks-gallery-item\"><figure><img loading=\"lazy\" decoding=\"async\" width=\"1024\" height=\"576\" src=\"http:\/\/ecole.ecj23.org\/wp-content\/uploads\/2019\/01\/Primaire_ecj23_principal-1024x576.jpg\" alt=\"\" data-id=\"6274\" data-link=\"http:\/\/ecole.ecj23.org\/index.php\/ecole-elementaire\/primaire_ecj23_principal\/\" class=\"wp-image-6274\" srcset=\"https:\/\/ecole.ecj23.org\/wp-content\/uploads\/2019\/01\/Primaire_ecj23_principal-1024x576.jpg 1024w, https:\/\/ecole.ecj23.org\/wp-content\/uploads\/2019\/01\/Primaire_ecj23_principal-300x169.jpg 300w, https:\/\/ecole.ecj23.org\/wp-content\/uploads\/2019\/01\/Primaire_ecj23_principal-768x432.jpg 768w, https:\/\/ecole.ecj23.org\/wp-content\/uploads\/2019\/01\/Primaire_ecj23_principal.jpg 2048w\" sizes=\"auto, (max-width: 1024px) 100vw, 1024px\" \/><\/figure><\/li><li class=\"blocks-gallery-item\"><figure><img loading=\"lazy\" decoding=\"async\" width=\"1024\" height=\"764\" src=\"http:\/\/ecole.ecj23.org\/wp-content\/uploads\/2020\/08\/0001-4-1024x764.jpg\" alt=\"\" data-id=\"7562\" data-link=\"http:\/\/ecole.ecj23.org\/index.php\/ecole-elementaire\/0001-4\/\" class=\"wp-image-7562\" srcset=\"https:\/\/ecole.ecj23.org\/wp-content\/uploads\/2020\/08\/0001-4-1024x764.jpg 1024w, https:\/\/ecole.ecj23.org\/wp-content\/uploads\/2020\/08\/0001-4-300x224.jpg 300w, https:\/\/ecole.ecj23.org\/wp-content\/uploads\/2020\/08\/0001-4-768x573.jpg 768w\" sizes=\"auto, (max-width: 1024px) 100vw, 1024px\" \/><\/figure><\/li><li class=\"blocks-gallery-item\"><figure><img loading=\"lazy\" decoding=\"async\" width=\"1024\" height=\"761\" src=\"http:\/\/ecole.ecj23.org\/wp-content\/uploads\/2020\/08\/00011-1024x761.jpg\" alt=\"\" data-id=\"7563\" data-link=\"http:\/\/ecole.ecj23.org\/index.php\/ecole-elementaire\/attachment\/00011\/\" class=\"wp-image-7563\" srcset=\"https:\/\/ecole.ecj23.org\/wp-content\/uploads\/2020\/08\/00011-1024x761.jpg 1024w, https:\/\/ecole.ecj23.org\/wp-content\/uploads\/2020\/08\/00011-300x223.jpg 300w, https:\/\/ecole.ecj23.org\/wp-content\/uploads\/2020\/08\/00011-768x571.jpg 768w\" sizes=\"auto, (max-width: 1024px) 100vw, 1024px\" \/><\/figure><\/li><li class=\"blocks-gallery-item\"><figure><img loading=\"lazy\" decoding=\"async\" width=\"1024\" height=\"752\" src=\"http:\/\/ecole.ecj23.org\/wp-content\/uploads\/2020\/08\/00012-1024x752.jpg\" alt=\"\" data-id=\"7564\" data-link=\"http:\/\/ecole.ecj23.org\/index.php\/ecole-elementaire\/attachment\/00012\/\" class=\"wp-image-7564\" srcset=\"https:\/\/ecole.ecj23.org\/wp-content\/uploads\/2020\/08\/00012-1024x752.jpg 1024w, https:\/\/ecole.ecj23.org\/wp-content\/uploads\/2020\/08\/00012-300x220.jpg 300w, https:\/\/ecole.ecj23.org\/wp-content\/uploads\/2020\/08\/00012-768x564.jpg 768w\" sizes=\"auto, (max-width: 1024px) 100vw, 1024px\" \/><\/figure><\/li><li class=\"blocks-gallery-item\"><figure><img loading=\"lazy\" decoding=\"async\" width=\"1024\" height=\"772\" src=\"http:\/\/ecole.ecj23.org\/wp-content\/uploads\/2020\/08\/00013-1024x772.jpg\" alt=\"\" data-id=\"7565\" data-link=\"http:\/\/ecole.ecj23.org\/index.php\/ecole-elementaire\/attachment\/00013\/\" class=\"wp-image-7565\" srcset=\"https:\/\/ecole.ecj23.org\/wp-content\/uploads\/2020\/08\/00013-1024x772.jpg 1024w, https:\/\/ecole.ecj23.org\/wp-content\/uploads\/2020\/08\/00013-300x226.jpg 300w, https:\/\/ecole.ecj23.org\/wp-content\/uploads\/2020\/08\/00013-768x579.jpg 768w\" sizes=\"auto, (max-width: 1024px) 100vw, 1024px\" \/><\/figure><\/li><li class=\"blocks-gallery-item\"><figure><img loading=\"lazy\" decoding=\"async\" width=\"1024\" height=\"761\" src=\"http:\/\/ecole.ecj23.org\/wp-content\/uploads\/2020\/08\/0001-1024x761.jpg\" alt=\"\" data-id=\"7566\" data-link=\"http:\/\/ecole.ecj23.org\/index.php\/ecole-elementaire\/attachment\/0001\/\" class=\"wp-image-7566\" srcset=\"https:\/\/ecole.ecj23.org\/wp-content\/uploads\/2020\/08\/0001-1024x761.jpg 1024w, https:\/\/ecole.ecj23.org\/wp-content\/uploads\/2020\/08\/0001-300x223.jpg 300w, https:\/\/ecole.ecj23.org\/wp-content\/uploads\/2020\/08\/0001-768x571.jpg 768w\" sizes=\"auto, (max-width: 1024px) 100vw, 1024px\" \/><\/figure><\/li><\/ul>\n","protected":false},"excerpt":{"rendered":"<p>Soyez les bienvenus dans notre grande \u00c9cole \u00c9l\u00e9mentaire&nbsp;Jean XXIII&nbsp;! Situ\u00e9e \u00e0 la p\u00e9riph\u00e9rie de Mulhouse, dans le quartier de Dornach, \u00e0 proximit\u00e9 du r\u00e9seau autoroutier, notre \u00c9cole est log\u00e9e dans [&hellip;]<\/p>\n","protected":false},"author":10,"featured_media":0,"parent":0,"menu_order":1,"comment_status":"closed","ping_status":"closed","template":"","meta":{"footnotes":""},"class_list":["post-211","page","type-page","status-publish","hentry"],"jetpack_sharing_enabled":true,"_links":{"self":[{"href":"https:\/\/ecole.ecj23.org\/index.php\/wp-json\/wp\/v2\/pages\/211","targetHints":{"allow":["GET"]}}],"collection":[{"href":"https:\/\/ecole.ecj23.org\/index.php\/wp-json\/wp\/v2\/pages"}],"about":[{"href":"https:\/\/ecole.ecj23.org\/index.php\/wp-json\/wp\/v2\/types\/page"}],"author":[{"embeddable":true,"href":"https:\/\/ecole.ecj23.org\/index.php\/wp-json\/wp\/v2\/users\/10"}],"replies":[{"embeddable":true,"href":"https:\/\/ecole.ecj23.org\/index.php\/wp-json\/wp\/v2\/comments?post=211"}],"version-history":[{"count":13,"href":"https:\/\/ecole.ecj23.org\/index.php\/wp-json\/wp\/v2\/pages\/211\/revisions"}],"predecessor-version":[{"id":7568,"href":"https:\/\/ecole.ecj23.org\/index.php\/wp-json\/wp\/v2\/pages\/211\/revisions\/7568"}],"wp:attachment":[{"href":"https:\/\/ecole.ecj23.org\/index.php\/wp-json\/wp\/v2\/media?parent=211"}],"curies":[{"name":"wp","href":"https:\/\/api.w.org\/{rel}","templated":true}]}}