{"id":3130,"date":"2017-01-29T10:36:57","date_gmt":"2017-01-29T09:36:57","guid":{"rendered":"http:\/\/ecole.ecj23.org\/?page_id=3130"},"modified":"2020-08-24T10:37:46","modified_gmt":"2020-08-24T08:37:46","slug":"infirmerie","status":"publish","type":"page","link":"https:\/\/ecole.ecj23.org\/index.php\/infirmerie\/","title":{"rendered":"Infirmerie"},"content":{"rendered":"<p style=\"text-align: justify;\"><a href=\"http:\/\/ecole.ecj23.org\/wp-content\/uploads\/2018\/12\/titre_infirmerie.jpg\"><img loading=\"lazy\" decoding=\"async\" class=\" wp-image-5880 aligncenter\" src=\"http:\/\/ecole.ecj23.org\/wp-content\/uploads\/2018\/12\/titre_infirmerie-300x42.jpg\" alt=\"\" width=\"378\" height=\"53\" srcset=\"https:\/\/ecole.ecj23.org\/wp-content\/uploads\/2018\/12\/titre_infirmerie-300x42.jpg 300w, https:\/\/ecole.ecj23.org\/wp-content\/uploads\/2018\/12\/titre_infirmerie.jpg 600w\" sizes=\"auto, (max-width: 378px) 100vw, 378px\" \/><\/a><a href=\"http:\/\/ecole.ecj23.org\/wp-content\/uploads\/2017\/01\/ourson.jpg\"><img loading=\"lazy\" decoding=\"async\" class=\"wp-image-3135 aligncenter\" src=\"http:\/\/ecole.ecj23.org\/wp-content\/uploads\/2017\/01\/ourson.jpg\" alt=\"\" width=\"255\" height=\"255\" srcset=\"https:\/\/ecole.ecj23.org\/wp-content\/uploads\/2017\/01\/ourson.jpg 564w, https:\/\/ecole.ecj23.org\/wp-content\/uploads\/2017\/01\/ourson-150x150.jpg 150w, https:\/\/ecole.ecj23.org\/wp-content\/uploads\/2017\/01\/ourson-300x300.jpg 300w\" sizes=\"auto, (max-width: 255px) 100vw, 255px\" \/><\/a><\/p>\n\n\n<h3 class=\"wp-block-heading\">Horaires 2020 &#8211; 2021<br><\/h3>\n\n\n\n<p style=\"text-align:center\">Mardi : de 13H30 \u00e0 17H<\/p>\n\n\n\n<p style=\"text-align:center\">Jeudi : de 7H50 \u00e0 17H<\/p>\n\n\n\n<h3 class=\"wp-block-heading\">Sa mission<br><\/h3>\n\n\n\n<p style=\"text-align:justify\"><strong>Claire Brevilliers, infirmi\u00e8re a un r\u00f4le d&rsquo;accueil, d&rsquo;\u00e9coute, de soins, et d&rsquo;\u00e9ducation.<\/strong><\/p>\n\n\n\n<p style=\"text-align:justify\"><strong> Elle r\u00e9pond au double objectif&nbsp;<\/strong><strong>de dispenser des soins aux \u00e9l\u00e8ves bless\u00e9s ou malades dans les meilleurs d\u00e9lais et&nbsp;<\/strong><strong>d&rsquo;apporter soutien moral et r\u00e9confort \u00e0 ceux qui en ont besoin, tout en ayant le souci qu&rsquo;ils puissent reprendre les cours le plus rapidement possible.<\/strong><\/p>\n\n\n\n<p style=\"text-align:justify\"><strong>Elle effectue &nbsp;les visites de sant\u00e9 pr\u00e9vues pour tous les \u00e9l\u00e8ves de grande section de maternelle en pr\u00e9sence de leurs parents afin d&rsquo;avoir un aper\u00e7u global de leur sant\u00e9 et d\u00e9pister d&rsquo;\u00e9ventuels probl\u00e8mes pouvant entraver leur r\u00e9ussite scolaire. Si un probl\u00e8me est d\u00e9tect\u00e9, les parents sont bien s\u00fbr syst\u00e9matiquement tenus inform\u00e9s.<\/strong><\/p>\n\n\n\n<p style=\"text-align:justify\"><strong> Avec les \u00e9quipes p\u00e9dagogiques, elle organise des actions de pr\u00e9vention (dangers d\u2019internet et des \u00e9crans en CM1), d&rsquo;\u00e9ducation \u00e0 la sant\u00e9 et \u00e0 la citoyennet\u00e9 (mouchage de nez en maternelle, secourisme, s\u00e9curit\u00e9 routi\u00e8re, nutrition en CM2\u2026), d&rsquo;\u00e9ducation \u00e0 la vie affective, relationnelle, etc. Toutes ces propositions visent \u00e0 rendre les \u00e9l\u00e8ves responsables et acteurs de leur avenir d\u00e8s aujourd&rsquo;hui.<\/strong><\/p>\n\n\n\n<p style=\"text-align:justify\"><strong>L&rsquo;infirmerie est situ\u00e9e au 1<sup>er<\/sup> \u00e9tage de l\u2019\u00e9cole.<\/strong><\/p>\n\n\n\n<p style=\"text-align:justify\"><strong>  L\u2019infirmi\u00e8re rencontre sur rendez-vous les parents qui le souhaitent (contact par t\u00e9l\u00e9phone via le secr\u00e9tariat &nbsp;au&nbsp;: 03 89 42 64&nbsp; 24 &nbsp;ou par mail&nbsp;: <a href=\"mailto:infirmerie.ecole@ecj23.org\">infirmerie.ecole@ecj23.org<\/a> .<\/strong><\/p>\n","protected":false},"excerpt":{"rendered":"<p>Horaires 2020 &#8211; 2021 Mardi : de 13H30 \u00e0 17H Jeudi : de 7H50 \u00e0 17H Sa mission Claire Brevilliers, infirmi\u00e8re a un r\u00f4le d&rsquo;accueil, d&rsquo;\u00e9coute, de soins, et d&rsquo;\u00e9ducation. [&hellip;]<\/p>\n","protected":false},"author":10,"featured_media":0,"parent":0,"menu_order":0,"comment_status":"closed","ping_status":"closed","template":"","meta":{"footnotes":""},"class_list":["post-3130","page","type-page","status-publish","hentry"],"jetpack_sharing_enabled":true,"_links":{"self":[{"href":"https:\/\/ecole.ecj23.org\/index.php\/wp-json\/wp\/v2\/pages\/3130","targetHints":{"allow":["GET"]}}],"collection":[{"href":"https:\/\/ecole.ecj23.org\/index.php\/wp-json\/wp\/v2\/pages"}],"about":[{"href":"https:\/\/ecole.ecj23.org\/index.php\/wp-json\/wp\/v2\/types\/page"}],"author":[{"embeddable":true,"href":"https:\/\/ecole.ecj23.org\/index.php\/wp-json\/wp\/v2\/users\/10"}],"replies":[{"embeddable":true,"href":"https:\/\/ecole.ecj23.org\/index.php\/wp-json\/wp\/v2\/comments?post=3130"}],"version-history":[{"count":7,"href":"https:\/\/ecole.ecj23.org\/index.php\/wp-json\/wp\/v2\/pages\/3130\/revisions"}],"predecessor-version":[{"id":7549,"href":"https:\/\/ecole.ecj23.org\/index.php\/wp-json\/wp\/v2\/pages\/3130\/revisions\/7549"}],"wp:attachment":[{"href":"https:\/\/ecole.ecj23.org\/index.php\/wp-json\/wp\/v2\/media?parent=3130"}],"curies":[{"name":"wp","href":"https:\/\/api.w.org\/{rel}","templated":true}]}}