{"id":6397,"date":"2019-03-04T11:30:32","date_gmt":"2019-03-04T10:30:32","guid":{"rendered":"http:\/\/ecole.ecj23.org\/?page_id=6397"},"modified":"2019-06-05T13:13:18","modified_gmt":"2019-06-05T11:13:18","slug":"bcd-jean-xxiii","status":"publish","type":"page","link":"https:\/\/ecole.ecj23.org\/index.php\/bcd-jean-xxiii\/","title":{"rendered":"BCD Jean XXIII"},"content":{"rendered":"\n<p>La BCD (Biblioth\u00e8que Centre Documentaire)<\/p>\n\n\n\n<p>Un bel espace lumineux\u2026des \u00e9tag\u00e8res et des bacs remplis de livres\u2026et des \u00e9l\u00e8ves demandeurs d\u2019histoires !<\/p>\n\n\n\n<p>La BCD est un lieu vivant et ouvert tous les jours de 12h30 \u00e0 13h30 \u00e0 tous les enfants qui souhaitent profiter d\u2019un moment de calme et de d\u00e9tente.<\/p>\n\n\n\n<p>Tous les 15 jours, les classes viennent \u00e0 la BCD pour un cr\u00e9neau d\u2019une heure : d\u00e9couvrir les nouveaut\u00e9s (livres et magazines), \u00e9couter une histoire, faire des activit\u00e9s ludiques autour de la lecture ou emprunter un roman (uniquement pour les 7\u00e8mes).<\/p>\n\n\n\n<p>A la BCD, \u00ab Arr\u00eate de lire \u00bb n\u2019est pas d\u2019actualit\u00e9 !<\/p>\n\n\n\n<ul class=\"wp-block-gallery aligncenter columns-3 is-cropped wp-block-gallery-1 is-layout-flex wp-block-gallery-is-layout-flex\"><li class=\"blocks-gallery-item\"><figure><img loading=\"lazy\" decoding=\"async\" width=\"578\" height=\"1024\" src=\"http:\/\/ecole.ecj23.org\/wp-content\/uploads\/2019\/03\/IMG_20190318_093415-578x1024.jpg\" alt=\"\" data-id=\"6605\" data-link=\"http:\/\/ecole.ecj23.org\/index.php\/bcd-jean-xxiii\/dav-4\/\" class=\"wp-image-6605\" srcset=\"https:\/\/ecole.ecj23.org\/wp-content\/uploads\/2019\/03\/IMG_20190318_093415-578x1024.jpg 578w, https:\/\/ecole.ecj23.org\/wp-content\/uploads\/2019\/03\/IMG_20190318_093415-169x300.jpg 169w, https:\/\/ecole.ecj23.org\/wp-content\/uploads\/2019\/03\/IMG_20190318_093415-768x1360.jpg 768w\" sizes=\"auto, (max-width: 578px) 100vw, 578px\" \/><\/figure><\/li><li class=\"blocks-gallery-item\"><figure><img loading=\"lazy\" decoding=\"async\" width=\"578\" height=\"1024\" src=\"http:\/\/ecole.ecj23.org\/wp-content\/uploads\/2019\/03\/IMG_20190318_093408-578x1024.jpg\" alt=\"\" data-id=\"6604\" data-link=\"http:\/\/ecole.ecj23.org\/index.php\/bcd-jean-xxiii\/dav-3\/\" class=\"wp-image-6604\" srcset=\"https:\/\/ecole.ecj23.org\/wp-content\/uploads\/2019\/03\/IMG_20190318_093408-578x1024.jpg 578w, https:\/\/ecole.ecj23.org\/wp-content\/uploads\/2019\/03\/IMG_20190318_093408-169x300.jpg 169w, https:\/\/ecole.ecj23.org\/wp-content\/uploads\/2019\/03\/IMG_20190318_093408-768x1360.jpg 768w\" sizes=\"auto, (max-width: 578px) 100vw, 578px\" \/><\/figure><\/li><li class=\"blocks-gallery-item\"><figure><img loading=\"lazy\" decoding=\"async\" width=\"578\" height=\"1024\" src=\"http:\/\/ecole.ecj23.org\/wp-content\/uploads\/2019\/03\/IMG_20190318_093328-578x1024.jpg\" alt=\"\" data-id=\"6602\" data-link=\"http:\/\/ecole.ecj23.org\/index.php\/bcd-jean-xxiii\/sdr\/\" class=\"wp-image-6602\" srcset=\"https:\/\/ecole.ecj23.org\/wp-content\/uploads\/2019\/03\/IMG_20190318_093328-578x1024.jpg 578w, https:\/\/ecole.ecj23.org\/wp-content\/uploads\/2019\/03\/IMG_20190318_093328-169x300.jpg 169w, https:\/\/ecole.ecj23.org\/wp-content\/uploads\/2019\/03\/IMG_20190318_093328-768x1360.jpg 768w\" sizes=\"auto, (max-width: 578px) 100vw, 578px\" \/><\/figure><\/li><\/ul>\n\n\n\n<hr class=\"wp-block-separator\"\/>\n\n\n\n<h3 class=\"wp-block-heading\">Journ\u00e9e de la lecture 2019<\/h3>\n\n\n\n<figure class=\"wp-block-image\"><img loading=\"lazy\" decoding=\"async\" width=\"1024\" height=\"768\" src=\"http:\/\/ecole.ecj23.org\/wp-content\/uploads\/2019\/05\/p05-1024x768.jpg\" alt=\"\" class=\"wp-image-6806\" srcset=\"https:\/\/ecole.ecj23.org\/wp-content\/uploads\/2019\/05\/p05-1024x768.jpg 1024w, https:\/\/ecole.ecj23.org\/wp-content\/uploads\/2019\/05\/p05-300x225.jpg 300w, https:\/\/ecole.ecj23.org\/wp-content\/uploads\/2019\/05\/p05-768x576.jpg 768w, https:\/\/ecole.ecj23.org\/wp-content\/uploads\/2019\/05\/p05.jpg 1600w\" sizes=\"auto, (max-width: 1024px) 100vw, 1024px\" \/><\/figure>\n\n\n\n<p style=\"text-align:center\"><a href=\"\/index.php\/2019\/05\/06\/journee-de-la-lecture-2019\/\">Lire l&rsquo;article de la journ\u00e9e de lecture<\/a><\/p>\n\n\n\n<hr class=\"wp-block-separator\"\/>\n\n\n\n<h3 class=\"wp-block-heading\">LE LIVRE DU MOIS !<\/h3>\n\n\n\n<div class=\"wp-block-columns has-2-columns is-layout-flex wp-container-core-columns-is-layout-9d6595d7 wp-block-columns-is-layout-flex\">\n<div class=\"wp-block-column is-layout-flow wp-block-column-is-layout-flow\">\n<div class=\"wp-block-image\"><figure class=\"aligncenter\"><img loading=\"lazy\" decoding=\"async\" width=\"578\" height=\"1024\" src=\"http:\/\/ecole.ecj23.org\/wp-content\/uploads\/2019\/06\/thumbnail_chevalier-blanc-578x1024.jpg\" alt=\"\" class=\"wp-image-6857\" srcset=\"https:\/\/ecole.ecj23.org\/wp-content\/uploads\/2019\/06\/thumbnail_chevalier-blanc-578x1024.jpg 578w, https:\/\/ecole.ecj23.org\/wp-content\/uploads\/2019\/06\/thumbnail_chevalier-blanc-169x300.jpg 169w, https:\/\/ecole.ecj23.org\/wp-content\/uploads\/2019\/06\/thumbnail_chevalier-blanc.jpg 722w\" sizes=\"auto, (max-width: 578px) 100vw, 578px\" \/><\/figure><\/div>\n\n\n\n<p>Auteur&nbsp;: Micha\u00ebl Escoffier<\/p>\n\n\n\n<p>Illustrateur&nbsp;: St\u00e9phane S\u00e9n\u00e9gas<\/p>\n\n\n\n<p>Frimousse \u00e9ditions<\/p>\n<\/div>\n\n\n\n<div class=\"wp-block-column is-layout-flow wp-block-column-is-layout-flow\">\n<p>\u00ab&nbsp;Blanc, chevalier de son \u00e9tat, se pr\u00e9sente au \npied du donjon d\u2019un ch\u00e2teau, avec en t\u00eate de d\u00e9livrer la princesse des \nlieux. Or, tout ne se passe pas exactement comme pr\u00e9vu. La princesse en \nquestion ne semble pas dispos\u00e9e \u00e0 \u00eatre sauv\u00e9e&nbsp;!\n Mais rien n\u2019arr\u00eate le Chevalier Blanc qui mettra un peu de temps \u00e0 \ncomprendre pourquoi son obstination est vaine\u2026&nbsp;\u00bb<\/p>\n<\/div>\n<\/div>\n","protected":false},"excerpt":{"rendered":"<p>La BCD (Biblioth\u00e8que Centre Documentaire) Un bel espace lumineux\u2026des \u00e9tag\u00e8res et des bacs remplis de livres\u2026et des \u00e9l\u00e8ves demandeurs d\u2019histoires ! La BCD est un lieu vivant et ouvert tous [&hellip;]<\/p>\n","protected":false},"author":10,"featured_media":0,"parent":0,"menu_order":0,"comment_status":"closed","ping_status":"closed","template":"","meta":{"footnotes":""},"class_list":["post-6397","page","type-page","status-publish","hentry"],"jetpack_sharing_enabled":true,"_links":{"self":[{"href":"https:\/\/ecole.ecj23.org\/index.php\/wp-json\/wp\/v2\/pages\/6397","targetHints":{"allow":["GET"]}}],"collection":[{"href":"https:\/\/ecole.ecj23.org\/index.php\/wp-json\/wp\/v2\/pages"}],"about":[{"href":"https:\/\/ecole.ecj23.org\/index.php\/wp-json\/wp\/v2\/types\/page"}],"author":[{"embeddable":true,"href":"https:\/\/ecole.ecj23.org\/index.php\/wp-json\/wp\/v2\/users\/10"}],"replies":[{"embeddable":true,"href":"https:\/\/ecole.ecj23.org\/index.php\/wp-json\/wp\/v2\/comments?post=6397"}],"version-history":[{"count":10,"href":"https:\/\/ecole.ecj23.org\/index.php\/wp-json\/wp\/v2\/pages\/6397\/revisions"}],"predecessor-version":[{"id":6858,"href":"https:\/\/ecole.ecj23.org\/index.php\/wp-json\/wp\/v2\/pages\/6397\/revisions\/6858"}],"wp:attachment":[{"href":"https:\/\/ecole.ecj23.org\/index.php\/wp-json\/wp\/v2\/media?parent=6397"}],"curies":[{"name":"wp","href":"https:\/\/api.w.org\/{rel}","templated":true}]}}