{"id":6484,"date":"2019-03-05T17:05:02","date_gmt":"2019-03-05T16:05:02","guid":{"rendered":"http:\/\/ecole.ecj23.org\/?page_id=6484"},"modified":"2019-03-05T17:05:05","modified_gmt":"2019-03-05T16:05:05","slug":"un-engagement-accompagner-leleve","status":"publish","type":"page","link":"https:\/\/ecole.ecj23.org\/index.php\/un-engagement-accompagner-leleve\/","title":{"rendered":"Un engagement : accompagner l&rsquo;\u00e9l\u00e8ve"},"content":{"rendered":"\n<figure class=\"wp-block-image\"><img loading=\"lazy\" decoding=\"async\" width=\"1024\" height=\"391\" src=\"http:\/\/ecole.ecj23.org\/wp-content\/uploads\/2019\/03\/img_diapo-4_l1200_h458-1024x391.png\" alt=\"\" class=\"wp-image-6485\" srcset=\"https:\/\/ecole.ecj23.org\/wp-content\/uploads\/2019\/03\/img_diapo-4_l1200_h458-1024x391.png 1024w, https:\/\/ecole.ecj23.org\/wp-content\/uploads\/2019\/03\/img_diapo-4_l1200_h458-300x115.png 300w, https:\/\/ecole.ecj23.org\/wp-content\/uploads\/2019\/03\/img_diapo-4_l1200_h458-768x293.png 768w, https:\/\/ecole.ecj23.org\/wp-content\/uploads\/2019\/03\/img_diapo-4_l1200_h458.png 1200w\" sizes=\"auto, (max-width: 1024px) 100vw, 1024px\" \/><\/figure>\n\n\n\n<p>Notre  priorit\u00e9, \u00e0 l\u2019Ecole Jean XXIII, a toujours \u00e9t\u00e9 et restera la qualit\u00e9 de  l\u2019accompagnement offert \u00e0 nos \u00e9l\u00e8ves, l\u2019accompagnement de chacun, au  plus pr\u00e8s de ses besoins, en collaboration avec les familles.<\/p>\n\n\n\n<p>Notre  devoir est d\u2019abord d\u2019instaurer un r\u00e9el climat de confiance entre la  Communaut\u00e9 Educative et les familles pour guider ensuite les \u00e9l\u00e8ves vers  la r\u00e9ussite et permettre leur \u00e9panouissement personnel.<\/p>\n\n\n\n<p>A  nous, professionnels de l\u2019enseignement, de faire en sorte que chacun  puisse d\u00e9couvrir et mettre en valeur les talents qui sont les siens, \u00e0  nous de savoir laisser un enfant s\u2019exprimer pleinement\u00a0!<\/p>\n\n\n\n<p>Il arrive cependant qu\u2019au fil de son parcours scolaire, un enfant rencontre la difficult\u00e9.<\/p>\n\n\n\n<p>A  l\u2019Ecole Jean XXIII, nous pensons que chaque enfant est unique et se doit  donc d\u2019\u00eatre consid\u00e9r\u00e9 dans son originalit\u00e9, dans sa diff\u00e9rence. Depuis  de longues ann\u00e9es, cette vision de l\u2019enseignement habite nos pratiques  p\u00e9dagogiques. L\u2019innovation p\u00e9dagogique, la recherche permanente d\u2019une  am\u00e9lioration continue de nos savoir-faire ont toujours \u00e9t\u00e9 tr\u00e8s pr\u00e9sents  dans nos conversations quotidiennes, dans notre mani\u00e8re de concevoir  l\u2019accompagnement des \u00e9l\u00e8ves.<\/p>\n","protected":false},"excerpt":{"rendered":"<p>Notre priorit\u00e9, \u00e0 l\u2019Ecole Jean XXIII, a toujours \u00e9t\u00e9 et restera la qualit\u00e9 de l\u2019accompagnement offert \u00e0 nos \u00e9l\u00e8ves, l\u2019accompagnement de chacun, au plus pr\u00e8s de ses besoins, en collaboration [&hellip;]<\/p>\n","protected":false},"author":10,"featured_media":0,"parent":0,"menu_order":0,"comment_status":"closed","ping_status":"closed","template":"","meta":{"footnotes":""},"class_list":["post-6484","page","type-page","status-publish","hentry"],"jetpack_sharing_enabled":true,"_links":{"self":[{"href":"https:\/\/ecole.ecj23.org\/index.php\/wp-json\/wp\/v2\/pages\/6484","targetHints":{"allow":["GET"]}}],"collection":[{"href":"https:\/\/ecole.ecj23.org\/index.php\/wp-json\/wp\/v2\/pages"}],"about":[{"href":"https:\/\/ecole.ecj23.org\/index.php\/wp-json\/wp\/v2\/types\/page"}],"author":[{"embeddable":true,"href":"https:\/\/ecole.ecj23.org\/index.php\/wp-json\/wp\/v2\/users\/10"}],"replies":[{"embeddable":true,"href":"https:\/\/ecole.ecj23.org\/index.php\/wp-json\/wp\/v2\/comments?post=6484"}],"version-history":[{"count":1,"href":"https:\/\/ecole.ecj23.org\/index.php\/wp-json\/wp\/v2\/pages\/6484\/revisions"}],"predecessor-version":[{"id":6486,"href":"https:\/\/ecole.ecj23.org\/index.php\/wp-json\/wp\/v2\/pages\/6484\/revisions\/6486"}],"wp:attachment":[{"href":"https:\/\/ecole.ecj23.org\/index.php\/wp-json\/wp\/v2\/media?parent=6484"}],"curies":[{"name":"wp","href":"https:\/\/api.w.org\/{rel}","templated":true}]}}