{"id":6699,"date":"2019-04-03T07:40:34","date_gmt":"2019-04-03T06:40:34","guid":{"rendered":"http:\/\/ecole.ecj23.org\/?page_id=6699"},"modified":"2019-04-03T20:29:57","modified_gmt":"2019-04-03T19:29:57","slug":"voyage-a-paris-8a-et-e","status":"publish","type":"page","link":"https:\/\/ecole.ecj23.org\/index.php\/voyage-a-paris-8a-et-e\/","title":{"rendered":"Voyage \u00e0 Paris 8A et E"},"content":{"rendered":"\n<h4 class=\"wp-block-heading\"><strong><em>1er jour : Mardi 02 avril 2019<\/em><\/strong><\/h4>\n\n\n\n<p> Notre voyage \u00e0 Paris a commenc\u00e9 avec une m\u00e9t\u00e9o tr\u00e8s mitig\u00e9e mais nous profitons bien !<\/p>\n\n\n\n<p>Nous avons d\u00e9couvert le m\u00e9tro pour certains d&rsquo;entre nous et certains lieux embl\u00e9matiques de Paris comme l&rsquo;Arc de Triomphe, la tour Eiffel, Notre Dame de Paris&#8230;<\/p>\n\n\n\n<ul class=\"wp-block-gallery columns-3 is-cropped wp-block-gallery-1 is-layout-flex wp-block-gallery-is-layout-flex\"><li class=\"blocks-gallery-item\"><figure><img loading=\"lazy\" decoding=\"async\" width=\"1024\" height=\"768\" src=\"http:\/\/ecole.ecj23.org\/wp-content\/uploads\/2019\/04\/paris1-1024x768.jpg\" alt=\"\" data-id=\"6700\" data-link=\"http:\/\/ecole.ecj23.org\/?attachment_id=6700\" class=\"wp-image-6700\" srcset=\"https:\/\/ecole.ecj23.org\/wp-content\/uploads\/2019\/04\/paris1-1024x768.jpg 1024w, https:\/\/ecole.ecj23.org\/wp-content\/uploads\/2019\/04\/paris1-300x225.jpg 300w, https:\/\/ecole.ecj23.org\/wp-content\/uploads\/2019\/04\/paris1-768x576.jpg 768w, https:\/\/ecole.ecj23.org\/wp-content\/uploads\/2019\/04\/paris1.jpg 1280w\" sizes=\"auto, (max-width: 1024px) 100vw, 1024px\" \/><\/figure><\/li><li class=\"blocks-gallery-item\"><figure><img loading=\"lazy\" decoding=\"async\" width=\"768\" height=\"1024\" src=\"http:\/\/ecole.ecj23.org\/wp-content\/uploads\/2019\/04\/paris2-768x1024.jpeg\" alt=\"\" data-id=\"6701\" data-link=\"http:\/\/ecole.ecj23.org\/?attachment_id=6701\" class=\"wp-image-6701\" srcset=\"https:\/\/ecole.ecj23.org\/wp-content\/uploads\/2019\/04\/paris2-768x1024.jpeg 768w, https:\/\/ecole.ecj23.org\/wp-content\/uploads\/2019\/04\/paris2-225x300.jpeg 225w, https:\/\/ecole.ecj23.org\/wp-content\/uploads\/2019\/04\/paris2.jpeg 1530w\" sizes=\"auto, (max-width: 768px) 100vw, 768px\" \/><\/figure><\/li><li class=\"blocks-gallery-item\"><figure><img loading=\"lazy\" decoding=\"async\" width=\"768\" height=\"1024\" src=\"http:\/\/ecole.ecj23.org\/wp-content\/uploads\/2019\/04\/paris3-768x1024.jpeg\" alt=\"\" data-id=\"6702\" data-link=\"http:\/\/ecole.ecj23.org\/?attachment_id=6702\" class=\"wp-image-6702\" srcset=\"https:\/\/ecole.ecj23.org\/wp-content\/uploads\/2019\/04\/paris3-768x1024.jpeg 768w, https:\/\/ecole.ecj23.org\/wp-content\/uploads\/2019\/04\/paris3-225x300.jpeg 225w, https:\/\/ecole.ecj23.org\/wp-content\/uploads\/2019\/04\/paris3.jpeg 1530w\" sizes=\"auto, (max-width: 768px) 100vw, 768px\" \/><\/figure><\/li><li class=\"blocks-gallery-item\"><figure><img loading=\"lazy\" decoding=\"async\" width=\"1024\" height=\"768\" src=\"http:\/\/ecole.ecj23.org\/wp-content\/uploads\/2019\/04\/paris4-1024x768.jpg\" alt=\"\" data-id=\"6703\" data-link=\"http:\/\/ecole.ecj23.org\/?attachment_id=6703\" class=\"wp-image-6703\" srcset=\"https:\/\/ecole.ecj23.org\/wp-content\/uploads\/2019\/04\/paris4-1024x768.jpg 1024w, https:\/\/ecole.ecj23.org\/wp-content\/uploads\/2019\/04\/paris4-300x225.jpg 300w, https:\/\/ecole.ecj23.org\/wp-content\/uploads\/2019\/04\/paris4-768x576.jpg 768w, https:\/\/ecole.ecj23.org\/wp-content\/uploads\/2019\/04\/paris4.jpg 1280w\" sizes=\"auto, (max-width: 1024px) 100vw, 1024px\" \/><\/figure><\/li><li class=\"blocks-gallery-item\"><figure><img loading=\"lazy\" decoding=\"async\" width=\"768\" height=\"1024\" src=\"http:\/\/ecole.ecj23.org\/wp-content\/uploads\/2019\/04\/paris5-768x1024.jpg\" alt=\"\" data-id=\"6704\" data-link=\"http:\/\/ecole.ecj23.org\/?attachment_id=6704\" class=\"wp-image-6704\" srcset=\"https:\/\/ecole.ecj23.org\/wp-content\/uploads\/2019\/04\/paris5-768x1024.jpg 768w, https:\/\/ecole.ecj23.org\/wp-content\/uploads\/2019\/04\/paris5-225x300.jpg 225w, https:\/\/ecole.ecj23.org\/wp-content\/uploads\/2019\/04\/paris5.jpg 960w\" sizes=\"auto, (max-width: 768px) 100vw, 768px\" \/><\/figure><\/li><li class=\"blocks-gallery-item\"><figure><img loading=\"lazy\" decoding=\"async\" width=\"1024\" height=\"768\" src=\"http:\/\/ecole.ecj23.org\/wp-content\/uploads\/2019\/04\/paris6-1024x768.jpeg\" alt=\"\" data-id=\"6705\" data-link=\"http:\/\/ecole.ecj23.org\/?attachment_id=6705\" class=\"wp-image-6705\" srcset=\"https:\/\/ecole.ecj23.org\/wp-content\/uploads\/2019\/04\/paris6-1024x768.jpeg 1024w, https:\/\/ecole.ecj23.org\/wp-content\/uploads\/2019\/04\/paris6-300x225.jpeg 300w, https:\/\/ecole.ecj23.org\/wp-content\/uploads\/2019\/04\/paris6-768x576.jpeg 768w, https:\/\/ecole.ecj23.org\/wp-content\/uploads\/2019\/04\/paris6.jpeg 2040w\" sizes=\"auto, (max-width: 1024px) 100vw, 1024px\" \/><\/figure><\/li><li class=\"blocks-gallery-item\"><figure><img loading=\"lazy\" decoding=\"async\" width=\"1024\" height=\"768\" src=\"http:\/\/ecole.ecj23.org\/wp-content\/uploads\/2019\/04\/paris7-1024x768.jpg\" alt=\"\" data-id=\"6706\" data-link=\"http:\/\/ecole.ecj23.org\/?attachment_id=6706\" class=\"wp-image-6706\" srcset=\"https:\/\/ecole.ecj23.org\/wp-content\/uploads\/2019\/04\/paris7-1024x768.jpg 1024w, https:\/\/ecole.ecj23.org\/wp-content\/uploads\/2019\/04\/paris7-300x225.jpg 300w, https:\/\/ecole.ecj23.org\/wp-content\/uploads\/2019\/04\/paris7-768x576.jpg 768w, https:\/\/ecole.ecj23.org\/wp-content\/uploads\/2019\/04\/paris7.jpg 1280w\" sizes=\"auto, (max-width: 1024px) 100vw, 1024px\" \/><\/figure><\/li><\/ul>\n\n\n\n<h4 class=\"wp-block-heading\"><strong><em>2e jour : Mercredi 03 avril 2019<\/em><\/strong><\/h4>\n\n\n\n<p>Apr\u00e8s un bon petit d\u00e9jeuner, nous sommes partis au Louvre pour de belles d\u00e9couvertes !<\/p>\n\n\n\n<p>Nous avons pu admirer <em>La libert\u00e9 guidant le peuple<\/em>, d&rsquo;Eug\u00e8ne Delacroix, <em>la Joconde<\/em> de L\u00e9onard de Vinci et bien d&rsquo;autres.<\/p>\n\n\n\n<ul class=\"wp-block-gallery columns-3 is-cropped wp-block-gallery-2 is-layout-flex wp-block-gallery-is-layout-flex\"><li class=\"blocks-gallery-item\"><figure><img loading=\"lazy\" decoding=\"async\" width=\"1024\" height=\"768\" src=\"http:\/\/ecole.ecj23.org\/wp-content\/uploads\/2019\/04\/received_591494471330820-1024x768.jpeg\" alt=\"\" data-id=\"6719\" data-link=\"http:\/\/ecole.ecj23.org\/index.php\/voyage-a-paris-8a-et-e\/received_591494471330820\/\" class=\"wp-image-6719\" srcset=\"https:\/\/ecole.ecj23.org\/wp-content\/uploads\/2019\/04\/received_591494471330820-1024x768.jpeg 1024w, https:\/\/ecole.ecj23.org\/wp-content\/uploads\/2019\/04\/received_591494471330820-300x225.jpeg 300w, https:\/\/ecole.ecj23.org\/wp-content\/uploads\/2019\/04\/received_591494471330820-768x576.jpeg 768w\" sizes=\"auto, (max-width: 1024px) 100vw, 1024px\" \/><\/figure><\/li><li class=\"blocks-gallery-item\"><figure><img loading=\"lazy\" decoding=\"async\" width=\"1024\" height=\"768\" src=\"http:\/\/ecole.ecj23.org\/wp-content\/uploads\/2019\/04\/received_599146027218426-1024x768.jpeg\" alt=\"\" data-id=\"6720\" data-link=\"http:\/\/ecole.ecj23.org\/index.php\/voyage-a-paris-8a-et-e\/received_599146027218426\/\" class=\"wp-image-6720\" srcset=\"https:\/\/ecole.ecj23.org\/wp-content\/uploads\/2019\/04\/received_599146027218426-1024x768.jpeg 1024w, https:\/\/ecole.ecj23.org\/wp-content\/uploads\/2019\/04\/received_599146027218426-300x225.jpeg 300w, https:\/\/ecole.ecj23.org\/wp-content\/uploads\/2019\/04\/received_599146027218426-768x576.jpeg 768w\" sizes=\"auto, (max-width: 1024px) 100vw, 1024px\" \/><\/figure><\/li><li class=\"blocks-gallery-item\"><figure><img loading=\"lazy\" decoding=\"async\" width=\"1024\" height=\"768\" src=\"http:\/\/ecole.ecj23.org\/wp-content\/uploads\/2019\/04\/received_2136974373057648-1024x768.jpeg\" alt=\"\" data-id=\"6721\" data-link=\"http:\/\/ecole.ecj23.org\/index.php\/voyage-a-paris-8a-et-e\/received_2136974373057648\/\" class=\"wp-image-6721\" srcset=\"https:\/\/ecole.ecj23.org\/wp-content\/uploads\/2019\/04\/received_2136974373057648-1024x768.jpeg 1024w, https:\/\/ecole.ecj23.org\/wp-content\/uploads\/2019\/04\/received_2136974373057648-300x225.jpeg 300w, https:\/\/ecole.ecj23.org\/wp-content\/uploads\/2019\/04\/received_2136974373057648-768x576.jpeg 768w\" sizes=\"auto, (max-width: 1024px) 100vw, 1024px\" \/><\/figure><\/li><li class=\"blocks-gallery-item\"><figure><img loading=\"lazy\" decoding=\"async\" width=\"1024\" height=\"768\" src=\"http:\/\/ecole.ecj23.org\/wp-content\/uploads\/2019\/04\/received_2356039814720965-1024x768.jpeg\" alt=\"\" data-id=\"6722\" data-link=\"http:\/\/ecole.ecj23.org\/index.php\/voyage-a-paris-8a-et-e\/received_2356039814720965\/\" class=\"wp-image-6722\" srcset=\"https:\/\/ecole.ecj23.org\/wp-content\/uploads\/2019\/04\/received_2356039814720965-1024x768.jpeg 1024w, https:\/\/ecole.ecj23.org\/wp-content\/uploads\/2019\/04\/received_2356039814720965-300x225.jpeg 300w, https:\/\/ecole.ecj23.org\/wp-content\/uploads\/2019\/04\/received_2356039814720965-768x576.jpeg 768w\" sizes=\"auto, (max-width: 1024px) 100vw, 1024px\" \/><\/figure><\/li><\/ul>\n\n\n\n<p><\/p>\n","protected":false},"excerpt":{"rendered":"<p>1er jour : Mardi 02 avril 2019 Notre voyage \u00e0 Paris a commenc\u00e9 avec une m\u00e9t\u00e9o tr\u00e8s mitig\u00e9e mais nous profitons bien ! Nous avons d\u00e9couvert le m\u00e9tro pour certains [&hellip;]<\/p>\n","protected":false},"author":10,"featured_media":0,"parent":0,"menu_order":0,"comment_status":"closed","ping_status":"closed","template":"","meta":{"footnotes":""},"class_list":["post-6699","page","type-page","status-publish","hentry"],"jetpack_sharing_enabled":true,"_links":{"self":[{"href":"https:\/\/ecole.ecj23.org\/index.php\/wp-json\/wp\/v2\/pages\/6699","targetHints":{"allow":["GET"]}}],"collection":[{"href":"https:\/\/ecole.ecj23.org\/index.php\/wp-json\/wp\/v2\/pages"}],"about":[{"href":"https:\/\/ecole.ecj23.org\/index.php\/wp-json\/wp\/v2\/types\/page"}],"author":[{"embeddable":true,"href":"https:\/\/ecole.ecj23.org\/index.php\/wp-json\/wp\/v2\/users\/10"}],"replies":[{"embeddable":true,"href":"https:\/\/ecole.ecj23.org\/index.php\/wp-json\/wp\/v2\/comments?post=6699"}],"version-history":[{"count":2,"href":"https:\/\/ecole.ecj23.org\/index.php\/wp-json\/wp\/v2\/pages\/6699\/revisions"}],"predecessor-version":[{"id":6723,"href":"https:\/\/ecole.ecj23.org\/index.php\/wp-json\/wp\/v2\/pages\/6699\/revisions\/6723"}],"wp:attachment":[{"href":"https:\/\/ecole.ecj23.org\/index.php\/wp-json\/wp\/v2\/media?parent=6699"}],"curies":[{"name":"wp","href":"https:\/\/api.w.org\/{rel}","templated":true}]}}