{"id":7771,"date":"2020-12-14T10:07:55","date_gmt":"2020-12-14T08:07:55","guid":{"rendered":"http:\/\/ecole.ecj23.org\/?page_id=7771"},"modified":"2020-12-14T10:07:55","modified_gmt":"2020-12-14T08:07:55","slug":"jubile-sainte-odile","status":"publish","type":"page","link":"https:\/\/ecole.ecj23.org\/index.php\/jubile-sainte-odile\/","title":{"rendered":"Jubil\u00e9 Sainte Odile"},"content":{"rendered":"\n<div class=\"wp-block-image\"><figure class=\"aligncenter\"><img loading=\"lazy\" decoding=\"async\" width=\"418\" height=\"426\" src=\"http:\/\/ecole.ecj23.org\/wp-content\/uploads\/2020\/12\/image-Sainte-Odile.png\" alt=\"\" class=\"wp-image-7767\" srcset=\"https:\/\/ecole.ecj23.org\/wp-content\/uploads\/2020\/12\/image-Sainte-Odile.png 418w, https:\/\/ecole.ecj23.org\/wp-content\/uploads\/2020\/12\/image-Sainte-Odile-294x300.png 294w\" sizes=\"auto, (max-width: 418px) 100vw, 418px\" \/><\/figure><\/div>\n\n\n\n<h4 class=\"wp-block-heading\" style=\"text-align:center\"><strong>Sainte Odile (Odilia) \/ (Sancta Otilia)<\/strong><strong>&nbsp;<\/strong><\/h4>\n\n\n\n<h4 class=\"wp-block-heading\" style=\"text-align:center\"><strong>Vierge, premi\u00e8re abbesse du monast\u00e8re d\u2019Hohenbourg<\/strong><strong>&nbsp;<\/strong><\/h4>\n\n\n\n<h4 class=\"wp-block-heading\" style=\"text-align:center\"><strong>Patronne de l&rsquo;Alsace<\/strong><\/h4>\n\n\n\n<p><\/p>\n\n\n\n<p style=\"text-align:justify\">Ce dimanche 13 d\u00e9cembre marque l&rsquo;ouverture d&rsquo;une ann\u00e9e de grand jubil\u00e9 pour Sainte Odile.&nbsp;<\/p>\n\n\n\n<p style=\"text-align:justify\">La patronne des alsaciens serait morte le 13 d\u00e9cembre 720,&nbsp;il y a 1300 ans.<\/p>\n\n\n\n<p style=\"text-align:justify\">La f\u00eate de sainte Odile a longtemps \u00e9t\u00e9 c\u00e9l\u00e9br\u00e9e le 13 d\u00e9cembre, qui \u00e9tait aussi la f\u00eate de sainte Lucie, elle aussi invoqu\u00e9e par les fid\u00e8les pour gu\u00e9rir les maladies oculaires ; par cons\u00e9quent, on a pr\u00e9f\u00e9r\u00e9 reporter la f\u00eate d&rsquo;Odile au 14 d\u00e9cembre, pour distinguer les deux f\u00eates, mais elle demeure le 13 d\u00e9cembre en Alsace.&nbsp;&nbsp;<br><\/p>\n\n\n\n<h3 class=\"wp-block-heading\">Un an d\u2019\u00e9v\u00e9nements &#8230;<\/h3>\n\n\n\n<p style=\"text-align:justify\">Le grand jubil\u00e9 de Sainte Odile durera un an, jusqu&rsquo;au 13 d\u00e9cembre 2021. Des \u00e9v\u00e9nements seront organis\u00e9s en fonction des possibilit\u00e9s laiss\u00e9es par la situation sanitaire. Pour marquer l&rsquo;\u00e9v\u00e9nement \u00e0 Jean XXIII et pour montrer notre attachement \u00e0 cette Sainte Alsacienne, nous avons install\u00e9 des Kak\u00e9monos roll-up (banni\u00e8res) \u00e0 la maternelle, \u00e0 l&rsquo;\u00e9cole et au coll\u00e8ge.<\/p>\n","protected":false},"excerpt":{"rendered":"<p>Sainte Odile (Odilia) \/ (Sancta Otilia)&nbsp; Vierge, premi\u00e8re abbesse du monast\u00e8re d\u2019Hohenbourg&nbsp; Patronne de l&rsquo;Alsace Ce dimanche 13 d\u00e9cembre marque l&rsquo;ouverture d&rsquo;une ann\u00e9e de grand jubil\u00e9 pour Sainte Odile.&nbsp; La [&hellip;]<\/p>\n","protected":false},"author":10,"featured_media":0,"parent":0,"menu_order":0,"comment_status":"closed","ping_status":"closed","template":"","meta":{"footnotes":""},"class_list":["post-7771","page","type-page","status-publish","hentry"],"jetpack_sharing_enabled":true,"_links":{"self":[{"href":"https:\/\/ecole.ecj23.org\/index.php\/wp-json\/wp\/v2\/pages\/7771","targetHints":{"allow":["GET"]}}],"collection":[{"href":"https:\/\/ecole.ecj23.org\/index.php\/wp-json\/wp\/v2\/pages"}],"about":[{"href":"https:\/\/ecole.ecj23.org\/index.php\/wp-json\/wp\/v2\/types\/page"}],"author":[{"embeddable":true,"href":"https:\/\/ecole.ecj23.org\/index.php\/wp-json\/wp\/v2\/users\/10"}],"replies":[{"embeddable":true,"href":"https:\/\/ecole.ecj23.org\/index.php\/wp-json\/wp\/v2\/comments?post=7771"}],"version-history":[{"count":1,"href":"https:\/\/ecole.ecj23.org\/index.php\/wp-json\/wp\/v2\/pages\/7771\/revisions"}],"predecessor-version":[{"id":7772,"href":"https:\/\/ecole.ecj23.org\/index.php\/wp-json\/wp\/v2\/pages\/7771\/revisions\/7772"}],"wp:attachment":[{"href":"https:\/\/ecole.ecj23.org\/index.php\/wp-json\/wp\/v2\/media?parent=7771"}],"curies":[{"name":"wp","href":"https:\/\/api.w.org\/{rel}","templated":true}]}}