{"id":87,"date":"2015-08-22T09:22:21","date_gmt":"2015-08-22T08:22:21","guid":{"rendered":"http:\/\/ecole.ecj23.org\/?page_id=87"},"modified":"2020-08-24T09:27:10","modified_gmt":"2020-08-24T07:27:10","slug":"chorale","status":"publish","type":"page","link":"https:\/\/ecole.ecj23.org\/index.php\/pole-artistique\/chorale\/","title":{"rendered":"La Chorale Les Petites Frimousses"},"content":{"rendered":"<p><\/p>\n<p style=\"text-align: right;\">&nbsp;<\/p>\n<p><\/p>\n\n\n<h3 class=\"wp-block-heading\">L\u2019\u00c9cole Jean XXIII&nbsp;: une \u00e9cole o\u00f9 l\u2019on chante beaucoup&nbsp;!<\/h3>\n\n\n\n<p style=\"text-align:justify\">D\u00e8s l\u2019\u00c9cole Maternelle, une \u00e9ducation musicale pr\u00e9coce est d\u00e9velopp\u00e9e dans les classes avec l\u2019intervention ponctuelle de certaines classes par une \u00e9cole de musique et d\u2019autres intervenants en musique (maman d\u2019\u00e9l\u00e8ves ou intervenant occasionnel).<\/p>\n\n\n\n<p style=\"text-align:justify\">A l\u2019\u00c9cole \u00c9l\u00e9mentaire, la Chanterie des Petites Frimousses, fonctionne depuis plusieurs ann\u00e9es et accueille pr\u00e8s de 70 enfants, gar\u00e7ons et filles, du CP au CM2.<\/p>\n\n\n\n<p style=\"text-align:justify\">La seule condition d\u2019admission est d\u2019aimer chanter, de vouloir chanter avec un groupe d\u2019enfants.<\/p>\n\n\n\n<p style=\"text-align:justify\">Cette Chanterie est anim\u00e9e par une maman d\u2019\u00e9l\u00e8ves, intervenante en Musique dans les \u00e9coles.<\/p>\n\n\n\n<p style=\"text-align:justify\">La Chanterie se produit en principe deux fois par an. Une veill\u00e9e de chants, pendant le Car\u00eame, r\u00e9unit parents, enfants et amis et la Chanterie participe au mois de juin au Concert de toutes les chorales r\u00e9unies de l\u2019\u00c9cole et du Coll\u00e8ge Jean XXIII.<\/p>\n","protected":false},"excerpt":{"rendered":"<p>&nbsp; L\u2019\u00c9cole Jean XXIII&nbsp;: une \u00e9cole o\u00f9 l\u2019on chante beaucoup&nbsp;! D\u00e8s l\u2019\u00c9cole Maternelle, une \u00e9ducation musicale pr\u00e9coce est d\u00e9velopp\u00e9e dans les classes avec l\u2019intervention ponctuelle de certaines classes par une [&hellip;]<\/p>\n","protected":false},"author":10,"featured_media":0,"parent":1366,"menu_order":0,"comment_status":"closed","ping_status":"closed","template":"","meta":{"footnotes":""},"class_list":["post-87","page","type-page","status-publish","hentry"],"jetpack_sharing_enabled":true,"_links":{"self":[{"href":"https:\/\/ecole.ecj23.org\/index.php\/wp-json\/wp\/v2\/pages\/87","targetHints":{"allow":["GET"]}}],"collection":[{"href":"https:\/\/ecole.ecj23.org\/index.php\/wp-json\/wp\/v2\/pages"}],"about":[{"href":"https:\/\/ecole.ecj23.org\/index.php\/wp-json\/wp\/v2\/types\/page"}],"author":[{"embeddable":true,"href":"https:\/\/ecole.ecj23.org\/index.php\/wp-json\/wp\/v2\/users\/10"}],"replies":[{"embeddable":true,"href":"https:\/\/ecole.ecj23.org\/index.php\/wp-json\/wp\/v2\/comments?post=87"}],"version-history":[{"count":10,"href":"https:\/\/ecole.ecj23.org\/index.php\/wp-json\/wp\/v2\/pages\/87\/revisions"}],"predecessor-version":[{"id":7537,"href":"https:\/\/ecole.ecj23.org\/index.php\/wp-json\/wp\/v2\/pages\/87\/revisions\/7537"}],"up":[{"embeddable":true,"href":"https:\/\/ecole.ecj23.org\/index.php\/wp-json\/wp\/v2\/pages\/1366"}],"wp:attachment":[{"href":"https:\/\/ecole.ecj23.org\/index.php\/wp-json\/wp\/v2\/media?parent=87"}],"curies":[{"name":"wp","href":"https:\/\/api.w.org\/{rel}","templated":true}]}}