{"id":91,"date":"2016-02-12T09:02:53","date_gmt":"2016-02-12T08:02:53","guid":{"rendered":"http:\/\/ecole.ecj23.org\/?page_id=91"},"modified":"2018-12-08T17:21:24","modified_gmt":"2018-12-08T16:21:24","slug":"lecole-autrement","status":"publish","type":"page","link":"https:\/\/ecole.ecj23.org\/index.php\/lecole-autrement\/","title":{"rendered":"L&rsquo;\u00c9cole Autrement"},"content":{"rendered":"<p>\u00a0<\/p>\n<p style=\"text-align: justify;\"><strong><span style=\"color: #3366ff;\">Pour la cinqui\u00e8me an<img loading=\"lazy\" decoding=\"async\" class=\"wp-image-400 alignleft\" src=\"http:\/\/ecole.ecj23.org\/wp-content\/uploads\/2016\/01\/logo-\u00e9cole-autrement-300x201.jpg\" alt=\"logo \u00e9cole autrement\" width=\"254\" height=\"170\" srcset=\"https:\/\/ecole.ecj23.org\/wp-content\/uploads\/2016\/01\/logo-\u00e9cole-autrement-300x201.jpg 300w, https:\/\/ecole.ecj23.org\/wp-content\/uploads\/2016\/01\/logo-\u00e9cole-autrement-75x50.jpg 75w, https:\/\/ecole.ecj23.org\/wp-content\/uploads\/2016\/01\/logo-\u00e9cole-autrement.jpg 325w\" sizes=\"auto, (max-width: 254px) 100vw, 254px\" \/>n\u00e9e cons\u00e9cutive, l\u2019\u00c9cole Autrement a ouvert ses portes en septembre.<\/span><\/strong><\/p>\n<p style=\"text-align: justify;\"><strong><span style=\"color: #3366ff;\">Ce sont quelques 130 \u00e9l\u00e8ves que nous accueillons chaque mercredi pour une, deux ou trois activit\u00e9s .<br \/><\/span><\/strong><\/p>\n\n\n<h3 class=\"wp-block-heading\">Naissance de l\u2019\u00c9cole Autrement<\/h3>\n\n\n\n<p>Quand est apparu le d\u00e9cret sur la r\u00e9forme des rythmes scolaires et que sont intervenus des changements notoires dans l\u2019organisation de la semaine scolaire passant de 4 jours \u00e0 4,5 jours, nous nous sommes mis en r\u00e9flexion avec les parents d\u2019\u00e9l\u00e8ves de notre \u00c9cole.<\/p>\n\n\n\n<p>Un sondage r\u00e9alis\u00e9 aupr\u00e8s de nos familles a fait ressortir un pourcentage \u00e9loquent\u00a0: 97,6% de nos familles demandaient que nous conservions le rythme de la semaine de 4 jours. Cependant, il nous a sembl\u00e9 n\u00e9cessaire et juste de r\u00e9fl\u00e9chir \u00e0 une proposition p\u00e9ri-\u00e9ducative pour nos familles qui n\u2019ayant tr\u00e8s souvent aucune famille dans la r\u00e9gion, et recherchaient par le fait m\u00eame une organisation p\u00e9ri-\u00e9ducative pour le mercredi matin. Un groupe de parents et d\u2019enseignants s\u2019est donc pench\u00e9 sur le sujet et a r\u00e9ussi \u00e0 faire des propositions riches et vari\u00e9es aux familles int\u00e9ress\u00e9es.<\/p>\n\n\n\n<p>Ainsi 165 enfants viennent \u00e0 l\u2019\u00c9cole chaque mercredi pour participer \u00e0 diff\u00e9rents ateliers.<\/p>\n\n\n\n<ul class=\"wp-block-list\"><li>Ateliers de langue\u00a0: anglais, allemand, chinois<\/li><li>Atelier de multi-sport<\/li><li>Ateliers culturels\u00a0: \u00e9checs, couture, yoga, th\u00e9\u00e2tre, danse classique et modern\u2019jazz\u2026<\/li><li>Ateliers d&rsquo;informatique<\/li><\/ul>\n\n\n\n<p>Ce dispositif qui porte bien son nom d\u2019\u00a0\u00ab \u00c9cole Autrement\u00a0\u00bb permet aux enfants d\u2019enrichir leurs exp\u00e9riences, dans des ateliers inter-\u00e2ges, d\u2019exp\u00e9rimenter de nouvelles formes d\u2019enseignement, de d\u00e9couvrir une vie nouvelle dans l\u2019\u00c9cole.<\/p>\n\n\n\n<p>Voir arriver ces enfants le mercredi matin, le sourire aux l\u00e8vres, ayant int\u00e9gr\u00e9 parfaitement leur organisation personnelle et originale, nous conforte dans l\u2019id\u00e9e qu\u2019un des leviers les plus puissants de l\u2019\u00e9ducation est la responsabilisation\u00a0: les enfants sont capables de prendre en main leur vie d\u2019\u00e9colier, de progresser quand les domaines d\u2019activit\u00e9s ont \u00e9t\u00e9 choisis en fonction de leurs go\u00fbts et de leurs d\u00e9sirs.<\/p>\n\n\n\n<p>Que deviendra cette organisation p\u00e9ri-\u00e9ducative l\u2019ann\u00e9e prochaine\u00a0?<\/p>\n\n\n\n<p>Va-t-elle s\u2019enrichir d\u2019autres ateliers\u00a0? Les parents vont-ils \u00eatre plus nombreux \u00e0 solliciter cette aide\u00a0?<\/p>\n\n\n\n<p>L\u2019avenir nous le dira\u2026<\/p>\n","protected":false},"excerpt":{"rendered":"<p>\u00a0 Pour la cinqui\u00e8me ann\u00e9e cons\u00e9cutive, l\u2019\u00c9cole Autrement a ouvert ses portes en septembre. Ce sont quelques 130 \u00e9l\u00e8ves que nous accueillons chaque mercredi pour une, deux ou trois activit\u00e9s [&hellip;]<\/p>\n","protected":false},"author":10,"featured_media":0,"parent":0,"menu_order":1,"comment_status":"closed","ping_status":"closed","template":"","meta":{"footnotes":""},"class_list":["post-91","page","type-page","status-publish","hentry"],"jetpack_sharing_enabled":true,"_links":{"self":[{"href":"https:\/\/ecole.ecj23.org\/index.php\/wp-json\/wp\/v2\/pages\/91","targetHints":{"allow":["GET"]}}],"collection":[{"href":"https:\/\/ecole.ecj23.org\/index.php\/wp-json\/wp\/v2\/pages"}],"about":[{"href":"https:\/\/ecole.ecj23.org\/index.php\/wp-json\/wp\/v2\/types\/page"}],"author":[{"embeddable":true,"href":"https:\/\/ecole.ecj23.org\/index.php\/wp-json\/wp\/v2\/users\/10"}],"replies":[{"embeddable":true,"href":"https:\/\/ecole.ecj23.org\/index.php\/wp-json\/wp\/v2\/comments?post=91"}],"version-history":[{"count":22,"href":"https:\/\/ecole.ecj23.org\/index.php\/wp-json\/wp\/v2\/pages\/91\/revisions"}],"predecessor-version":[{"id":5920,"href":"https:\/\/ecole.ecj23.org\/index.php\/wp-json\/wp\/v2\/pages\/91\/revisions\/5920"}],"wp:attachment":[{"href":"https:\/\/ecole.ecj23.org\/index.php\/wp-json\/wp\/v2\/media?parent=91"}],"curies":[{"name":"wp","href":"https:\/\/api.w.org\/{rel}","templated":true}]}}