{"id":9432,"date":"2023-03-20T16:32:25","date_gmt":"2023-03-20T15:32:25","guid":{"rendered":"http:\/\/ecole.ecj23.org\/?page_id=9432"},"modified":"2023-04-12T08:55:53","modified_gmt":"2023-04-12T06:55:53","slug":"groupe-cham-instrumentistes","status":"publish","type":"page","link":"https:\/\/ecole.ecj23.org\/index.php\/groupe-cham-instrumentistes\/","title":{"rendered":"Groupe CHAM (instrumentistes)"},"content":{"rendered":"<div class=\"wp-block-image\">\n<figure class=\"aligncenter size-full\"><a href=\"http:\/\/ecole.ecj23.org\/wp-content\/uploads\/2023\/04\/cham.jpg\"><img loading=\"lazy\" decoding=\"async\" width=\"384\" height=\"131\" src=\"http:\/\/ecole.ecj23.org\/wp-content\/uploads\/2023\/04\/cham.jpg\" alt=\"\" class=\"wp-image-9599\" srcset=\"https:\/\/ecole.ecj23.org\/wp-content\/uploads\/2023\/04\/cham.jpg 384w, https:\/\/ecole.ecj23.org\/wp-content\/uploads\/2023\/04\/cham-300x102.jpg 300w\" sizes=\"auto, (max-width: 384px) 100vw, 384px\" \/><\/a><\/figure>\n<\/div>\n\n\n<div style=\"height:100px\" aria-hidden=\"true\" class=\"wp-block-spacer\"><\/div>\n\n\n\n<p>En partenariat avec le Conservatoire de Mulhouse, la classe CHAM (Classe \u00e0 Horaires Am\u00e9nag\u00e9s Musique) offre \u00e0 des <strong>\u00e9l\u00e8ves motiv\u00e9s<\/strong> par les activit\u00e9s musicales (instrumentales et vocales) la possibilit\u00e9 de recevoir, en compl\u00e9mentarit\u00e9 avec leur formation scolaire, une formation sp\u00e9cifique dans le domaine de la musique, tout au long d\u2019un parcours d\u00e9marrant au CE1 et allant jusqu\u2019en 3<sup>\u00e8me<\/sup>.<\/p>\n\n\n\n<h3 class=\"wp-block-heading\">Inscriptions<\/h3>\n\n\n\n<p>Au mois de Janvier, les parents des \u00e9l\u00e8ves de niveau CE1 \u00e0 CM2 sont convi\u00e9s \u00e0 une r\u00e9union d\u2019information relative \u00e0 la classe CHAM. L\u2019entr\u00e9e est ouverte \u00e0 tout \u00e9l\u00e8ve sous r\u00e9serve de r\u00e9ussir les tests d\u2019entr\u00e9e (organis\u00e9s par le Conservatoire de Mulhouse) et de place disponible.<\/p>\n\n\n\n<figure class=\"wp-block-gallery has-nested-images columns-default is-cropped wp-block-gallery-1 is-layout-flex wp-block-gallery-is-layout-flex\">\n<figure class=\"wp-block-image size-large\"><a href=\"http:\/\/ecole.ecj23.org\/wp-content\/uploads\/2023\/04\/cham2.png\"><img loading=\"lazy\" decoding=\"async\" width=\"318\" height=\"159\" data-id=\"9600\" src=\"http:\/\/ecole.ecj23.org\/wp-content\/uploads\/2023\/04\/cham2.png\" alt=\"\" class=\"wp-image-9600\" srcset=\"https:\/\/ecole.ecj23.org\/wp-content\/uploads\/2023\/04\/cham2.png 318w, https:\/\/ecole.ecj23.org\/wp-content\/uploads\/2023\/04\/cham2-300x150.png 300w\" sizes=\"auto, (max-width: 318px) 100vw, 318px\" \/><\/a><\/figure>\n\n\n\n<figure class=\"wp-block-image size-large\"><a href=\"http:\/\/ecole.ecj23.org\/wp-content\/uploads\/2023\/04\/cham2-Copie.png\"><img loading=\"lazy\" decoding=\"async\" width=\"318\" height=\"159\" data-id=\"9601\" src=\"http:\/\/ecole.ecj23.org\/wp-content\/uploads\/2023\/04\/cham2-Copie.png\" alt=\"\" class=\"wp-image-9601\" srcset=\"https:\/\/ecole.ecj23.org\/wp-content\/uploads\/2023\/04\/cham2-Copie.png 318w, https:\/\/ecole.ecj23.org\/wp-content\/uploads\/2023\/04\/cham2-Copie-300x150.png 300w\" sizes=\"auto, (max-width: 318px) 100vw, 318px\" \/><\/a><\/figure>\n<\/figure>\n\n\n\n<p>Voici les principaux objectifs de ce cursus :<\/p>\n\n\n\n<p><br>&#8211; d\u00e9velopper des capacit\u00e9s musicales affirm\u00e9es<br>&#8211; garantir les meilleures chances d\u2019\u00e9panouissement<br>&#8211; harmoniser le temps d\u2019activit\u00e9 musicale et la scolarit\u00e9<br>&#8211; donner aux \u00e9l\u00e8ves musiciens une identit\u00e9 musicale commune<br>&#8211; cr\u00e9er dans l\u2019\u00e9tablissement une dynamique qui permet un rayonnement musical<\/p>\n\n\n\n<div style=\"height:100px\" aria-hidden=\"true\" class=\"wp-block-spacer\"><\/div>\n\n\n\n<h2 class=\"wp-block-heading\">Organisation pratique des cours<\/h2>\n\n\n\n<p><strong>\u2666 Cours de Formation Musicale<\/strong>&nbsp;: Ces cours ont lieu une fois par semaine au Conservatoire. Tous les \u00e9l\u00e8ves CHAM de l\u2019\u00e9cole sont achemin\u00e9s par bus au Conservatoire avec l\u2019accompagnement d\u2019un personnel de vie scolaire. Une fois sur place, les \u00e9l\u00e8ves sont r\u00e9partis dans leurs diff\u00e9rents groupes de formation musicale.<\/p>\n\n\n\n<p><strong>\u2666 Culture musicale<\/strong>&nbsp;: Ces cours qui s\u2019adressent aux \u00e9l\u00e8ves de niveau CE1 uniquement sont dispens\u00e9s par un professeur de musique du Conservatoire au sein de l\u2019\u00e9cole.<\/p>\n\n\n\n<p><strong>\u2666 Groupe instrumental CHAM<\/strong>&nbsp;:<br>Les cours d\u2019instruments, d\u2019orchestre et la chorale sont dispens\u00e9s au Conservatoire.<\/p>\n","protected":false},"excerpt":{"rendered":"<p>En partenariat avec le Conservatoire de Mulhouse, la classe CHAM (Classe \u00e0 Horaires Am\u00e9nag\u00e9s Musique) offre \u00e0 des \u00e9l\u00e8ves motiv\u00e9s par les activit\u00e9s musicales (instrumentales et vocales) la possibilit\u00e9 de [&hellip;]<\/p>\n","protected":false},"author":10,"featured_media":0,"parent":0,"menu_order":0,"comment_status":"closed","ping_status":"closed","template":"","meta":{"footnotes":""},"class_list":["post-9432","page","type-page","status-publish","hentry"],"jetpack_sharing_enabled":true,"_links":{"self":[{"href":"https:\/\/ecole.ecj23.org\/index.php\/wp-json\/wp\/v2\/pages\/9432","targetHints":{"allow":["GET"]}}],"collection":[{"href":"https:\/\/ecole.ecj23.org\/index.php\/wp-json\/wp\/v2\/pages"}],"about":[{"href":"https:\/\/ecole.ecj23.org\/index.php\/wp-json\/wp\/v2\/types\/page"}],"author":[{"embeddable":true,"href":"https:\/\/ecole.ecj23.org\/index.php\/wp-json\/wp\/v2\/users\/10"}],"replies":[{"embeddable":true,"href":"https:\/\/ecole.ecj23.org\/index.php\/wp-json\/wp\/v2\/comments?post=9432"}],"version-history":[{"count":4,"href":"https:\/\/ecole.ecj23.org\/index.php\/wp-json\/wp\/v2\/pages\/9432\/revisions"}],"predecessor-version":[{"id":9604,"href":"https:\/\/ecole.ecj23.org\/index.php\/wp-json\/wp\/v2\/pages\/9432\/revisions\/9604"}],"wp:attachment":[{"href":"https:\/\/ecole.ecj23.org\/index.php\/wp-json\/wp\/v2\/media?parent=9432"}],"curies":[{"name":"wp","href":"https:\/\/api.w.org\/{rel}","templated":true}]}}