{"id":9434,"date":"2023-03-20T16:32:58","date_gmt":"2023-03-20T15:32:58","guid":{"rendered":"http:\/\/ecole.ecj23.org\/?page_id=9434"},"modified":"2023-04-25T10:08:43","modified_gmt":"2023-04-25T08:08:43","slug":"anglais","status":"publish","type":"page","link":"https:\/\/ecole.ecj23.org\/index.php\/anglais\/","title":{"rendered":"Anglais"},"content":{"rendered":"\n<h2 class=\"wp-block-heading\">LEVEL\u2019UP \u2013 LANGUAGE SCHOOL : APPRENDRE L\u2019ANGLAIS NATURELLEMENT !<\/h2>\n\n\n\n<p>Pour leur donner le go\u00fbt de la d\u00e9couverte des langues et du monde, une m\u00e9thode ludique est propos\u00e9e aux \u00e9l\u00e8ves des classes de l\u2019\u00e9cole \u00e9l\u00e9mentaire du CP au CM2.<\/p>\n\n\n\n<p>L\u2019objectif de cette m\u00e9thode innovante \u00e9tant de rendre capable de parler de soi et d\u2019\u00eatre autonome dans les situations de communication courante.<\/p>\n\n\n\n<figure class=\"wp-block-gallery has-nested-images columns-default is-cropped wp-block-gallery-1 is-layout-flex wp-block-gallery-is-layout-flex\">\n<figure class=\"wp-block-image size-large\"><a href=\"http:\/\/ecole.ecj23.org\/wp-content\/uploads\/2023\/04\/20230405_105605-scaled.jpg\"><img loading=\"lazy\" decoding=\"async\" width=\"1024\" height=\"576\" data-id=\"9623\" src=\"http:\/\/ecole.ecj23.org\/wp-content\/uploads\/2023\/04\/20230405_105605-1024x576.jpg\" alt=\"\" class=\"wp-image-9623\" srcset=\"https:\/\/ecole.ecj23.org\/wp-content\/uploads\/2023\/04\/20230405_105605-1024x576.jpg 1024w, https:\/\/ecole.ecj23.org\/wp-content\/uploads\/2023\/04\/20230405_105605-300x169.jpg 300w, https:\/\/ecole.ecj23.org\/wp-content\/uploads\/2023\/04\/20230405_105605-768x432.jpg 768w, https:\/\/ecole.ecj23.org\/wp-content\/uploads\/2023\/04\/20230405_105605-1536x864.jpg 1536w, https:\/\/ecole.ecj23.org\/wp-content\/uploads\/2023\/04\/20230405_105605-2048x1152.jpg 2048w\" sizes=\"auto, (max-width: 1024px) 100vw, 1024px\" \/><\/a><\/figure>\n\n\n\n<figure class=\"wp-block-image size-large\"><a href=\"http:\/\/ecole.ecj23.org\/wp-content\/uploads\/2023\/04\/20230405_105402-scaled.jpg\"><img loading=\"lazy\" decoding=\"async\" width=\"1024\" height=\"576\" data-id=\"9625\" src=\"http:\/\/ecole.ecj23.org\/wp-content\/uploads\/2023\/04\/20230405_105402-1024x576.jpg\" alt=\"\" class=\"wp-image-9625\" srcset=\"https:\/\/ecole.ecj23.org\/wp-content\/uploads\/2023\/04\/20230405_105402-1024x576.jpg 1024w, https:\/\/ecole.ecj23.org\/wp-content\/uploads\/2023\/04\/20230405_105402-300x169.jpg 300w, https:\/\/ecole.ecj23.org\/wp-content\/uploads\/2023\/04\/20230405_105402-768x432.jpg 768w, https:\/\/ecole.ecj23.org\/wp-content\/uploads\/2023\/04\/20230405_105402-1536x864.jpg 1536w, https:\/\/ecole.ecj23.org\/wp-content\/uploads\/2023\/04\/20230405_105402-2048x1152.jpg 2048w\" sizes=\"auto, (max-width: 1024px) 100vw, 1024px\" \/><\/a><\/figure>\n\n\n\n<figure class=\"wp-block-image size-large\"><a href=\"http:\/\/ecole.ecj23.org\/wp-content\/uploads\/2023\/04\/20230405_105125-scaled.jpg\"><img loading=\"lazy\" decoding=\"async\" width=\"1024\" height=\"747\" data-id=\"9621\" src=\"http:\/\/ecole.ecj23.org\/wp-content\/uploads\/2023\/04\/20230405_105125-1024x747.jpg\" alt=\"\" class=\"wp-image-9621\" srcset=\"https:\/\/ecole.ecj23.org\/wp-content\/uploads\/2023\/04\/20230405_105125-1024x747.jpg 1024w, https:\/\/ecole.ecj23.org\/wp-content\/uploads\/2023\/04\/20230405_105125-300x219.jpg 300w, https:\/\/ecole.ecj23.org\/wp-content\/uploads\/2023\/04\/20230405_105125-768x560.jpg 768w, https:\/\/ecole.ecj23.org\/wp-content\/uploads\/2023\/04\/20230405_105125-1536x1121.jpg 1536w, https:\/\/ecole.ecj23.org\/wp-content\/uploads\/2023\/04\/20230405_105125-2048x1494.jpg 2048w\" sizes=\"auto, (max-width: 1024px) 100vw, 1024px\" \/><\/a><\/figure>\n<\/figure>\n\n\n\n<p>Ax\u00e9e sur la communication, o\u00f9 l\u2019accent est mis sur l\u2019oral, en rendant les enfants acteurs de leur apprentissage, les intervenantes Dorsaf et Justine proposent des jeux de m\u00e9moire et des mises en situation r\u00e9elles gr\u00e2ce \u00e0 des flashcards explicites qui leur permet de communiquer librement.<\/p>\n\n\n\n<p><strong>D\u00e9roulement des ateliers :<\/strong><\/p>\n\n\n\n<p>&#8211; Salutations chaleureuses et prise de nouvelles<\/p>\n\n\n\n<p>&#8211; Introduction du th\u00e8me et du vocabulaire<\/p>\n\n\n\n<p>&#8211; Exercices d\u2019applications pour ma\u00eetriser les objectifs<\/p>\n\n\n\n<p>&#8211; Mise en pratique fun des \u00e9l\u00e9ments du cours<\/p>\n\n\n\n<p>&#8211; Un petit book remis \u00e0 chaque \u00e9l\u00e8ve en d\u00e9but d\u2019ann\u00e9e contient chaque th\u00e8me abord\u00e9<\/p>\n\n\n\n<p>Les \u00e9l\u00e8ves de niveau CM2 r\u00e9alisent eux-m\u00eames des projets en anglais sur des th\u00e8mes qu\u2019ils proposent \u00e0 leur intervenante : ces r\u00e9alisations embellissent le pr\u00e9au du b\u00e2timent de l\u2019\u00e9l\u00e9mentaire et ravissent les plus jeunes.<\/p>\n\n\n\n<figure class=\"wp-block-gallery has-nested-images columns-default is-cropped wp-block-gallery-2 is-layout-flex wp-block-gallery-is-layout-flex\">\n<figure class=\"wp-block-image size-large\"><a href=\"http:\/\/ecole.ecj23.org\/wp-content\/uploads\/2023\/04\/20230302_081024002-scaled.jpg\"><img loading=\"lazy\" decoding=\"async\" width=\"1024\" height=\"768\" data-id=\"9624\" src=\"http:\/\/ecole.ecj23.org\/wp-content\/uploads\/2023\/04\/20230302_081024002-1024x768.jpg\" alt=\"\" class=\"wp-image-9624\" srcset=\"https:\/\/ecole.ecj23.org\/wp-content\/uploads\/2023\/04\/20230302_081024002-1024x768.jpg 1024w, https:\/\/ecole.ecj23.org\/wp-content\/uploads\/2023\/04\/20230302_081024002-300x225.jpg 300w, https:\/\/ecole.ecj23.org\/wp-content\/uploads\/2023\/04\/20230302_081024002-768x576.jpg 768w, https:\/\/ecole.ecj23.org\/wp-content\/uploads\/2023\/04\/20230302_081024002-1536x1152.jpg 1536w, https:\/\/ecole.ecj23.org\/wp-content\/uploads\/2023\/04\/20230302_081024002-2048x1536.jpg 2048w\" sizes=\"auto, (max-width: 1024px) 100vw, 1024px\" \/><\/a><\/figure>\n\n\n\n<figure class=\"wp-block-image size-large\"><a href=\"http:\/\/ecole.ecj23.org\/wp-content\/uploads\/2023\/04\/20230406_135446-scaled.jpg\"><img loading=\"lazy\" decoding=\"async\" width=\"1024\" height=\"576\" data-id=\"9626\" src=\"http:\/\/ecole.ecj23.org\/wp-content\/uploads\/2023\/04\/20230406_135446-1024x576.jpg\" alt=\"\" class=\"wp-image-9626\" srcset=\"https:\/\/ecole.ecj23.org\/wp-content\/uploads\/2023\/04\/20230406_135446-1024x576.jpg 1024w, https:\/\/ecole.ecj23.org\/wp-content\/uploads\/2023\/04\/20230406_135446-300x169.jpg 300w, https:\/\/ecole.ecj23.org\/wp-content\/uploads\/2023\/04\/20230406_135446-768x432.jpg 768w, https:\/\/ecole.ecj23.org\/wp-content\/uploads\/2023\/04\/20230406_135446-1536x864.jpg 1536w, https:\/\/ecole.ecj23.org\/wp-content\/uploads\/2023\/04\/20230406_135446-2048x1152.jpg 2048w\" sizes=\"auto, (max-width: 1024px) 100vw, 1024px\" \/><\/a><\/figure>\n<\/figure>\n","protected":false},"excerpt":{"rendered":"<p>LEVEL\u2019UP \u2013 LANGUAGE SCHOOL : APPRENDRE L\u2019ANGLAIS NATURELLEMENT ! Pour leur donner le go\u00fbt de la d\u00e9couverte des langues et du monde, une m\u00e9thode ludique est propos\u00e9e aux \u00e9l\u00e8ves des [&hellip;]<\/p>\n","protected":false},"author":10,"featured_media":0,"parent":0,"menu_order":0,"comment_status":"closed","ping_status":"closed","template":"","meta":{"footnotes":""},"class_list":["post-9434","page","type-page","status-publish","hentry"],"jetpack_sharing_enabled":true,"_links":{"self":[{"href":"https:\/\/ecole.ecj23.org\/index.php\/wp-json\/wp\/v2\/pages\/9434","targetHints":{"allow":["GET"]}}],"collection":[{"href":"https:\/\/ecole.ecj23.org\/index.php\/wp-json\/wp\/v2\/pages"}],"about":[{"href":"https:\/\/ecole.ecj23.org\/index.php\/wp-json\/wp\/v2\/types\/page"}],"author":[{"embeddable":true,"href":"https:\/\/ecole.ecj23.org\/index.php\/wp-json\/wp\/v2\/users\/10"}],"replies":[{"embeddable":true,"href":"https:\/\/ecole.ecj23.org\/index.php\/wp-json\/wp\/v2\/comments?post=9434"}],"version-history":[{"count":3,"href":"https:\/\/ecole.ecj23.org\/index.php\/wp-json\/wp\/v2\/pages\/9434\/revisions"}],"predecessor-version":[{"id":9627,"href":"https:\/\/ecole.ecj23.org\/index.php\/wp-json\/wp\/v2\/pages\/9434\/revisions\/9627"}],"wp:attachment":[{"href":"https:\/\/ecole.ecj23.org\/index.php\/wp-json\/wp\/v2\/media?parent=9434"}],"curies":[{"name":"wp","href":"https:\/\/api.w.org\/{rel}","templated":true}]}}